{"id":11380,"date":"2023-02-01T07:00:09","date_gmt":"2023-02-01T06:00:09","guid":{"rendered":"https:\/\/www.schroedergroup.eu\/?page_id=11380"},"modified":"2025-09-29T15:22:46","modified_gmt":"2025-09-29T13:22:46","slug":"powerbend-multi","status":"publish","type":"page","link":"https:\/\/www.schroedergroup.eu\/de\/produkte\/maschinen\/maschinen-zum-biegen\/powerbend-multi\/","title":{"rendered":"PowerBend Multi"},"content":{"rendered":"<div class=\"wpb-content-wrapper\"><p>[vc_row css=&#8220;.vc_custom_1464864323661{margin: 0px !important;padding: 0px !important;}&#8220;][vc_column width=&#8220;5\/6&#8243; css=&#8220;.vc_custom_1464864359760{margin: 0px !important;padding: 0px !important;}&#8220;][vc_custom_heading text=&#8220;PowerBend Multi&#8220; font_container=&#8220;tag:h1|text_align:left&#8220; use_theme_fonts=&#8220;yes&#8220;][\/vc_column][vc_column width=&#8220;1\/6&#8243;][\/vc_column][\/vc_row][vc_row][vc_column][vc_tta_tabs shape=&#8220;square&#8220; active_section=&#8220;1&#8243;][vc_tta_section title=&#8220;\u00dcberblick&#8220; tab_id=&#8220;ueberblick&#8220;][vc_row_inner][vc_column_inner width=&#8220;3\/6&#8243;][vc_images_carousel images=&#8220;11836,11390,11392,11394,11396&#8243; img_size=&#8220;full&#8220; autoplay=&#8220;yes&#8220; wrap=&#8220;yes&#8220;][\/vc_column_inner][vc_column_inner width=&#8220;2\/6&#8243;][vc_custom_heading text=&#8220;\u00dcberblick&#8220; use_theme_fonts=&#8220;yes&#8220;][vc_column_text css=&#8220;&#8220;]Die neue motorische Schwenkbiegemaschine PowerBend Multi ist der Nachfolger unserer altbew\u00e4hrten MPB. Sie ist ein Allrounder f\u00fcr die D\u00fcnnblechbearbeitung. Ihr Kennzeichen: einfach und schnell in der Handhabung, hohe Produktionsleistung und vielseitige Ausstattung.[\/vc_column_text][\/vc_column_inner][vc_column_inner el_class=&#8220;downloads&#8220; width=&#8220;1\/6&#8243;][vc_column_text css=&#8220;&#8220;]<strong>Prospekte:<\/strong><br \/>\n<a class=\"lang\" href=\"https:\/\/www.schroedergroup.eu\/wp-content\/uploads\/pdf\/Prospekte_DE\/Motormaschinen_Spengler_DE_web.pdf\" target=\"_blank\" rel=\"noopener\">deutsch<br \/>\n<\/a><a class=\"lang\" href=\"https:\/\/www.schroedergroup.eu\/wp-content\/uploads\/pdf\/Prospekte_EN\/Motormaschinen_Spengler_EN_web.pdf\">english<\/a>[\/vc_column_text][vc_separator color=&#8220;custom&#8220; accent_color=&#8220;#90be1e&#8220;][vc_column_text][\/vc_column_text][\/vc_column_inner][\/vc_row_inner][\/vc_tta_section][vc_tta_section title=&#8220;Details&#8220; tab_id=&#8220;details&#8220;][vc_row_inner][vc_column_inner width=&#8220;5\/6&#8243;][vc_custom_heading text=&#8220;Details&#8220; use_theme_fonts=&#8220;yes&#8220;][vc_column_text css=&#8220;&#8220;]<\/p>\n<ul>\n<li>Grafiksteuerung POS 2000 Professional mit TouchScreen-Steuerung am schwenkbaren Panel basierend auf Windows 10 Betriebssystem<\/li>\n<li>Radius Step Bending Funktion<\/li>\n<li>Alle motorischen Achsen sind Umrichter gesteuert<\/li>\n<\/ul>\n<p>Hinteranschlag<\/p>\n<ul>\n<li>Hinteranschlag, motorisch 5 &#8211; 1000 mm<\/li>\n<li>Kugelumlaufspindeln (+\/-0,1)<\/li>\n<li>12 Anschlagfinger (bei 2500 mm bzw. 3200 mm)<\/li>\n<li>14 Anschlagfinger (bei 4000 mm)<\/li>\n<li>Abnehmbare Auflagebleche, r\u00fcckziehbar auf 337 mm<\/li>\n<\/ul>\n<p>Oberwange<\/p>\n<ul>\n<li>Antrieb: 2x 3,0 kW<\/li>\n<li>Hub: 160 mm<\/li>\n<li>Geometrie: 50\u00b0<\/li>\n<li>Oberwangenwerkzeug: Spenglerschiene, 20 \u00b0, R1\/1,5 mm, direkt mit der Oberwange verschraubt, verg\u00fctet ca. 1100 N\/mm\u00b2<\/li>\n<\/ul>\n<p>Biegewange<\/p>\n<ul>\n<li>Antrieb 2x 2,2 kw (90\u00b0\/s)<\/li>\n<li>Biegewange nach hinten versetzt<\/li>\n<li>Manuelle Biegewangenverstellung 60 mm<\/li>\n<li>Biegeschienen 10 mm und 25 mm gekr\u00f6pft (ab Nutzl\u00e4nge 3200 mm: 15 und 25 mm)<\/li>\n<\/ul>\n<p>Unterwange<\/p>\n<ul>\n<li>Unterwangenschiene, einteilig , ca. 700 N\/mm\u00b2<br \/>\nab 30 mm: um 8 mm abgestuft, mit oder ohne Fingereinfr\u00e4sungen<\/li>\n<\/ul>\n<p>Sonstiges<\/p>\n<ul>\n<li>Werkzeugschrank mit Einlegeb\u00f6den<\/li>\n<li>Fu\u00dfschalter<\/li>\n<\/ul>\n<p>[\/vc_column_text][\/vc_column_inner][vc_column_inner el_class=&#8220;downloads&#8220; width=&#8220;1\/6&#8243;][vc_column_text css=&#8220;&#8220;]<strong>Prospekte:<\/strong><br \/>\n<a class=\"lang\" href=\"https:\/\/www.schroedergroup.eu\/wp-content\/uploads\/pdf\/Prospekte_DE\/Motormaschinen_Spengler_DE_web.pdf\" target=\"_blank\" rel=\"noopener\">deutsch<br \/>\n<\/a><a class=\"lang\" href=\"https:\/\/www.schroedergroup.eu\/wp-content\/uploads\/pdf\/Prospekte_EN\/Motormaschinen_Spengler_EN_web.pdf\">english<\/a>[\/vc_column_text][vc_separator color=&#8220;custom&#8220; accent_color=&#8220;#90be1e&#8220;][vc_column_text][\/vc_column_text][\/vc_column_inner][\/vc_row_inner][\/vc_tta_section][vc_tta_section title=&#8220;Technische Daten&#8220; tab_id=&#8220;technische-daten&#8220;][vc_row_inner][vc_column_inner width=&#8220;5\/6&#8243;][vc_custom_heading text=&#8220;Technische Daten&#8220; use_theme_fonts=&#8220;yes&#8220;][vc_column_text]<\/p>\n<table border=\"0\">\n<tbody>\n<tr>\n<td class=\"BeschtiftungTyp\">Typ<\/td>\n<td class=\"BeschriftungOben\">Leistung<\/td>\n<td class=\"BeschriftungOben\">Nutz-<br \/>\nl\u00e4nge<\/td>\n<td class=\"BeschriftungOben\">Hub<br \/>\nOber-<br \/>\nwange<\/td>\n<td class=\"BeschriftungOben\">Verstell.<br \/>\nBiege-<br \/>\nwange<\/td>\n<td class=\"BeschriftungOben\">Antriebs-<br \/>\nleistung<br \/>\nOberwange<\/td>\n<td class=\"BeschriftungOben\">Antriebs-<br \/>\nleistung<br \/>\nBiegewange<\/td>\n<\/tr>\n<tr>\n<td class=\"Maschinentypen\"><\/td>\n<td>[mm]<\/td>\n<td>[mm]<\/td>\n<td>[mm]<\/td>\n<td>[mm]<\/td>\n<td>[kW]<\/td>\n<td>[kW]<\/td>\n<\/tr>\n<tr>\n<td class=\"Maschinentypen\">2500&#215;2,5<\/td>\n<td>2,50<\/td>\n<td align=\"right\">2520<\/td>\n<td align=\"right\">160<\/td>\n<td align=\"right\">60<\/td>\n<td align=\"right\">2 x 3,0<\/td>\n<td align=\"right\">2 x 2,2<\/td>\n<\/tr>\n<tr>\n<td class=\"Maschinentypen\">3200&#215;2,0<\/td>\n<td>2,00<\/td>\n<td align=\"right\">3220<\/td>\n<td align=\"right\">160<\/td>\n<td align=\"right\">60<\/td>\n<td align=\"right\">2 x 3,0<\/td>\n<td align=\"right\">2 x 2,2<\/td>\n<\/tr>\n<tr>\n<td class=\"Maschinentypen\">4000&#215;2,0<\/td>\n<td style=\"text-align: left;\" align=\"right\">2,00<\/td>\n<td align=\"right\">4020<\/td>\n<td align=\"right\">160<\/td>\n<td align=\"right\">60<\/td>\n<td align=\"right\">2 x 3,0<\/td>\n<td align=\"right\">2 x 2,2<\/td>\n<\/tr>\n<\/tbody>\n<\/table>\n<p>[\/vc_column_text][\/vc_column_inner][vc_column_inner el_class=&#8220;downloads&#8220; width=&#8220;1\/6&#8243;][vc_column_text css=&#8220;&#8220;]<strong>Prospekte:<\/strong><br \/>\n<a class=\"lang\" href=\"https:\/\/www.schroedergroup.eu\/wp-content\/uploads\/pdf\/Prospekte_DE\/Motormaschinen_Spengler_DE_web.pdf\" target=\"_blank\" rel=\"noopener\">deutsch<br \/>\n<\/a><a class=\"lang\" href=\"https:\/\/www.schroedergroup.eu\/wp-content\/uploads\/pdf\/Prospekte_EN\/Motormaschinen_Spengler_EN_web.pdf\">english<\/a>[\/vc_column_text][vc_separator color=&#8220;custom&#8220; accent_color=&#8220;#90be1e&#8220;][vc_column_text][\/vc_column_text][\/vc_column_inner][\/vc_row_inner][\/vc_tta_section][vc_tta_section title=&#8220;Software&#8220; tab_id=&#8220;software&#8220;][vc_row_inner][vc_column_inner width=&#8220;5\/6&#8243;][vc_custom_heading text=&#8220;Software&#8220; use_theme_fonts=&#8220;yes&#8220;][vc_column_text]<strong>POS 2000 Professional &#8211; der Standard f\u00fcr industrielle Schwenkbiegemaschinen<br \/>\n<\/strong><\/p>\n<p>Die bew\u00e4hrte POS 2000 Professional macht die Programmierung von Schwenkbiegemaschinen schnell und komfortabel. Aus einem umfangreichen und erweiterbaren Katalog k\u00f6nnen die gew\u00fcnschten Programmteile ausgew\u00e4hlt werden, durch Antippen des Bildschirms werden Winkel- und Schenkelma\u00dfe angepasst.<\/p>\n<p>Die Steuerungssoftware zeigt exakt, was die Maschine tut: Schwenkbiegemaschine, Werkst\u00fcck und Werkzeug werden schematisch dargestellt und f\u00fcr jeden Biegeschritt aktualisiert. Wer abseits der Maschine in der Arbeitsvorbereitung programmiert, kann \u00fcber Biegesimulationen die Qualit\u00e4t seiner Programme testen und so Ausschuss und Verz\u00f6gerungen in der Fertigung wirksam vermeiden.<\/p>\n<p>Die Software steuert nicht nur die Maschine, sondern unterst\u00fctzt die Benutzer bei der Bearbeitung: Alle notwendigen Bedienert\u00e4tigkeiten wie Wenden, Umdrehen etc. werden je Biegeschritt angezeigt.<\/p>\n<p>[\/vc_column_text][\/vc_column_inner][vc_column_inner el_class=&#8220;downloads&#8220; width=&#8220;1\/6&#8243;][vc_column_text css=&#8220;&#8220;]<strong>Prospekte:<\/strong><br \/>\n<a class=\"lang\" href=\"https:\/\/www.schroedergroup.eu\/wp-content\/uploads\/pdf\/Prospekte_DE\/Motormaschinen_Spengler_DE_web.pdf\" target=\"_blank\" rel=\"noopener\">deutsch<br \/>\n<\/a><a class=\"lang\" href=\"https:\/\/www.schroedergroup.eu\/wp-content\/uploads\/pdf\/Prospekte_EN\/Motormaschinen_Spengler_EN_web.pdf\">english<\/a>[\/vc_column_text][vc_separator color=&#8220;custom&#8220; accent_color=&#8220;#90be1e&#8220;][vc_column_text][\/vc_column_text][\/vc_column_inner][\/vc_row_inner][\/vc_tta_section][vc_tta_section title=&#8220;Werkzeuge\/Optionen&#8220; tab_id=&#8220;werkzeuge-optionen&#8220;][vc_row_inner][vc_column_inner width=&#8220;5\/6&#8243;][vc_custom_heading text=&#8220;Werkzeuge\/Optionen&#8220; use_theme_fonts=&#8220;yes&#8220;][vc_column_text css=&#8220;&#8220;]Optionen<\/p>\n<ul>\n<li>Hinteranschlag\n<ul>\n<li>Anschlag zum konisch Biegen<\/li>\n<li>Auflagetisch mit Kugeln<\/li>\n<li>Pneumatisch absenkbare Anschlagfinger<\/li>\n<li>Anschlag 1600 mm geschlossen mit zwei Anschlagsektoren, pneumatisch absenkbar<\/li>\n<li>U-Anschlag 1600 mm mit 2 Anschlagsektoren (1000\/1600 mm) incl. pneumatischer Absenkung und Kugeln im Auflagetisch, zus\u00e4tzliche Bedienung von hinten: 2. Fu\u00dfschalter, Zugangssicherung von vorne durch Lichtschranke,<br \/>\nhorizontale Lichtschranke in Bedienergasse, Taster und Schalter am Bildschirm<\/li>\n<\/ul>\n<\/li>\n<li>Sicherheit und Sonstiges\n<ul>\n<li>Zusatzeinrichtung f\u00fcr 2-Mann-Bedienung gem. UVV<\/li>\n<li>Fu\u00dfschalter verfahrbar auf Winkelschiene<\/li>\n<li>Lichtschranken-Paket Plus: Zus\u00e4tzliche Lichtschranke vorne vertikal und horizontal<\/li>\n<li>Klimager\u00e4t, Spannungswander 12 kVA<\/li>\n<\/ul>\n<\/li>\n<li>Oberwange\n<ul>\n<li>Drehbare Oberwange als automatisches Werkzeugwechselsystem incl. hydraulischer Werkzeugklemmung (Werkzeugklemmung nur auf Gei\u00dffu\u00dfseite)<\/li>\n<li>Zudr\u00fcckfunktion: Schwenkbereicherweiterung der Biegewange auf 190\u00b0; 3 stufige drehbare Oberwange (nur in Verbindung mit Option drehbare Oberwange und Unterwangenschiene ohne Abstufung)<\/li>\n<li>Gei\u00dffu\u00dfschiene H=130 mm, 30\u00b0, R 1\/1,5, freier Durchgang 110 mm, Freiraum 30 mm, Fu\u00dfbreite 50 mm, segmentiert incl. Eckst\u00fccke<\/li>\n<li>Gei\u00dffu\u00dfschiene H=170 mm, 30\u00b0, R 1\/1,5, freier Durchgang 150 mm, Freiraum 30 mm, Fu\u00dfbreite 50 mm, segmentiert incl. Eckst\u00fccke<\/li>\n<li>Klemmschiene und Prismenleiste zum Einsatz von Gei\u00dffu\u00df- und Spenglerschiene, ohne drehbare Oberwange (Standard Spenglerschiene entf\u00e4llt)<\/li>\n<li>Mehrpreis f\u00fcr Werkzeugsatz oberfl\u00e4chenbehandelt mangan-phosphatiert<\/li>\n<\/ul>\n<\/li>\n<li>Biegewange\n<ul>\n<li>Bombiereinrichtung f\u00fcr Biegewange, manuelle Zentralbombierung<\/li>\n<li>Biegewangenverstellung: motorisch 80 mm, programmgesteuert<\/li>\n<\/ul>\n<\/li>\n<li>Unterwange\n<ul>\n<li>Unterwangenschiene ohne Abstufung mit Fingereinfr\u00e4sungen<\/li>\n<li>Unterwangenschiene ohne Abstufung ohne Fingereinfr\u00e4sungen<\/li>\n<\/ul>\n<\/li>\n<\/ul>\n<p>[\/vc_column_text][\/vc_column_inner][vc_column_inner el_class=&#8220;downloads&#8220; width=&#8220;1\/6&#8243;][vc_column_text css=&#8220;&#8220;]<strong>Prospekte:<\/strong><br \/>\n<a class=\"lang\" href=\"https:\/\/www.schroedergroup.eu\/wp-content\/uploads\/pdf\/Prospekte_DE\/Motormaschinen_Spengler_DE_web.pdf\" target=\"_blank\" rel=\"noopener\">deutsch<br \/>\n<\/a><a class=\"lang\" href=\"https:\/\/www.schroedergroup.eu\/wp-content\/uploads\/pdf\/Prospekte_EN\/Motormaschinen_Spengler_EN_web.pdf\">english<\/a>[\/vc_column_text][vc_separator color=&#8220;custom&#8220; accent_color=&#8220;#90be1e&#8220;][vc_column_text][\/vc_column_text][\/vc_column_inner][\/vc_row_inner][\/vc_tta_section][\/vc_tta_tabs][\/vc_column][\/vc_row]<\/p>\n<\/div>","protected":false},"excerpt":{"rendered":"<p>[vc_row css=&#8220;.vc_custom_1464864323661{margin: 0px !important;padding: 0px !important;}&#8220;][vc_column width=&#8220;5\/6&#8243; css=&#8220;.vc_custom_1464864359760{margin: 0px !important;padding: 0px !important;}&#8220;][vc_custom_heading text=&#8220;PowerBend Multi&#8220; font_container=&#8220;tag:h1|text_align:left&#8220; use_theme_fonts=&#8220;yes&#8220;][\/vc_column][vc_column width=&#8220;1\/6&#8243;][\/vc_column][\/vc_row][vc_row][vc_column][vc_tta_tabs shape=&#8220;square&#8220; active_section=&#8220;1&#8243;][vc_tta_section title=&#8220;\u00dcberblick&#8220; tab_id=&#8220;ueberblick&#8220;][vc_row_inner][vc_column_inner width=&#8220;3\/6&#8243;][vc_images_carousel images=&#8220;11836,11390,11392,11394,11396&#8243; img_size=&#8220;full&#8220; autoplay=&#8220;yes&#8220; wrap=&#8220;yes&#8220;][\/vc_column_inner][vc_column_inner<span class=\"excerpt-hellip\"> [\u2026]<\/span><\/p>\n","protected":false},"author":2,"featured_media":-1,"parent":689,"menu_order":60,"comment_status":"closed","ping_status":"closed","template":"","meta":{"_acf_changed":false,"inline_featured_image":false,"footnotes":""},"class_list":["post-11380","page","type-page","status-publish","has-post-thumbnail","hentry"],"acf":[],"aioseo_notices":[],"_links":{"self":[{"href":"https:\/\/www.schroedergroup.eu\/de\/wp-json\/wp\/v2\/pages\/11380","targetHints":{"allow":["GET"]}}],"collection":[{"href":"https:\/\/www.schroedergroup.eu\/de\/wp-json\/wp\/v2\/pages"}],"about":[{"href":"https:\/\/www.schroedergroup.eu\/de\/wp-json\/wp\/v2\/types\/page"}],"author":[{"embeddable":true,"href":"https:\/\/www.schroedergroup.eu\/de\/wp-json\/wp\/v2\/users\/2"}],"replies":[{"embeddable":true,"href":"https:\/\/www.schroedergroup.eu\/de\/wp-json\/wp\/v2\/comments?post=11380"}],"version-history":[{"count":20,"href":"https:\/\/www.schroedergroup.eu\/de\/wp-json\/wp\/v2\/pages\/11380\/revisions"}],"predecessor-version":[{"id":14225,"href":"https:\/\/www.schroedergroup.eu\/de\/wp-json\/wp\/v2\/pages\/11380\/revisions\/14225"}],"up":[{"embeddable":true,"href":"https:\/\/www.schroedergroup.eu\/de\/wp-json\/wp\/v2\/pages\/689"}],"wp:featuredmedia":[{"embeddable":true,"href":"https:\/\/www.schroedergroup.eu\/de\/wp-json\/"}],"wp:attachment":[{"href":"https:\/\/www.schroedergroup.eu\/de\/wp-json\/wp\/v2\/media?parent=11380"}],"curies":[{"name":"wp","href":"https:\/\/api.w.org\/{rel}","templated":true}]}}