{"id":10308,"date":"2022-01-26T10:38:10","date_gmt":"2022-01-26T09:38:10","guid":{"rendered":"https:\/\/www.schroedergroup.eu\/?page_id=10308"},"modified":"2022-03-29T13:38:41","modified_gmt":"2022-03-29T11:38:41","slug":"smu","status":"publish","type":"page","link":"https:\/\/www.schroedergroup.eu\/de\/smu\/","title":{"rendered":"SMU"},"content":{"rendered":"<div class=\"wpb-content-wrapper\"><p>[vc_row full_width=&#8220;stretch_row_content_no_spaces&#8220; content_placement=&#8220;top&#8220; css=&#8220;.vc_custom_1464864698314{margin-top: 0px !important;margin-right: 0px !important;margin-bottom: 0px !important;margin-left: 0px !important;padding-top: 0px !important;padding-right: 0px !important;padding-bottom: 0px !important;padding-left: 0px !important;}&#8220;][vc_column css=&#8220;.vc_custom_1464864530903{margin: 0px !important;padding: 0px !important;}&#8220;][vc_single_image image=&#8220;1404&#8243; img_size=&#8220;full&#8220; alignment=&#8220;center&#8220; css=&#8220;.vc_custom_1465906128321{margin-top: 0px !important;margin-right: 0px !important;margin-bottom: 0px !important;margin-left: 0px !important;padding-top: 0px !important;padding-right: 0px !important;padding-bottom: 0px !important;padding-left: 0px !important;}&#8220;][\/vc_column][\/vc_row][vc_row][vc_column][vc_custom_heading text=&#8220;SMU GmbH&#8220; font_container=&#8220;tag:h1|text_align:left&#8220; use_theme_fonts=&#8220;yes&#8220;][vc_column_text]<strong>Spezialist f\u00fcr Metall-Umformtechnik<\/strong><\/p>\n<p>Seit dem 20. Mai 2021 geh\u00f6rt der in Leinburg-Wei\u00dfenbrunn ans\u00e4ssige Werkzeughersteller SMU GmbH zur Schr\u00f6der Group. Beide Unternehmen kooperieren bereits seit vielen Jahren und b\u00fcndeln jetzt ihre Kompetenzen, um ihre Marktposition auf dem deutschen und internationalen Blechbearbeitungsmarkt weiter auszubauen. Mit der \u00dcbernahme des Werkzeugherstellers SMU erweitert die Schr\u00f6der Group das Know-how in den verschiedenen Bereichen des Werkzeugbaus. Wie schon bei der Softwareentwicklung vertieft das Unternehmen als Teil seiner Wachstumsstrategie damit die eigene Wertsch\u00f6pfungskette, verbreitert das Prozess-Know-how und kann Entwicklungen bei wichtigen Zusatzkomponenten f\u00fcr den Einsatz seiner Maschinen optimieren.<\/p>\n<p>Das Spezialwissen von SMU wird von entscheidender Bedeutung sein, wenn es um die Integration und Neuentwicklung von Maschinenwerkzeugen sowie kundenspezifischen Werkzeuganforderungen geht. \u201eUnser Ziel ist es, L\u00f6sungen zu entwickeln, mit denen die Kunden der Schr\u00f6der Group langfristig und nachhaltig noch erfolgreicher und effizienter arbeiten k\u00f6nnen\u201c, so Franz Schr\u00f6der. Mit der \u00dcbernahme der SMU GmbH begr\u00fc\u00dft die Schr\u00f6der Group 24 neue Mitarbeiterinnen und Mitarbeiter. SMU wird am Markt weiterhin als eigenst\u00e4ndige Werkzeugmarke \u201eSMU\u201c auftreten.<\/p>\n<p>&nbsp;<\/p>\n<p><strong>Aktuelle Stellenangebote<\/strong> an unserem Standort in <strong>Leinburg-Wei\u00dfenbrunn<\/strong>\u00a0finden Sie\u00a0<a href=\"https:\/\/www.schroedergroup.eu\/de\/karriere\/aktuelle-stellenausschreibungen\/\" target=\"_blank\" rel=\"noopener\"><em>hier<\/em><\/a>[\/vc_column_text][\/vc_column][\/vc_row]<\/p>\n<\/div>","protected":false},"excerpt":{"rendered":"<p>[vc_row full_width=&#8220;stretch_row_content_no_spaces&#8220; content_placement=&#8220;top&#8220; css=&#8220;.vc_custom_1464864698314{margin-top: 0px !important;margin-right: 0px !important;margin-bottom: 0px !important;margin-left: 0px !important;padding-top: 0px !important;padding-right: 0px !important;padding-bottom: 0px !important;padding-left: 0px !important;}&#8220;][vc_column css=&#8220;.vc_custom_1464864530903{margin: 0px !important;padding: 0px !important;}&#8220;][vc_single_image image=&#8220;1404&#8243;<span class=\"excerpt-hellip\"> [\u2026]<\/span><\/p>\n","protected":false},"author":2,"featured_media":0,"parent":0,"menu_order":40,"comment_status":"closed","ping_status":"closed","template":"","meta":{"_acf_changed":false,"inline_featured_image":false,"footnotes":""},"class_list":["post-10308","page","type-page","status-publish","hentry"],"acf":[],"aioseo_notices":[],"_links":{"self":[{"href":"https:\/\/www.schroedergroup.eu\/de\/wp-json\/wp\/v2\/pages\/10308","targetHints":{"allow":["GET"]}}],"collection":[{"href":"https:\/\/www.schroedergroup.eu\/de\/wp-json\/wp\/v2\/pages"}],"about":[{"href":"https:\/\/www.schroedergroup.eu\/de\/wp-json\/wp\/v2\/types\/page"}],"author":[{"embeddable":true,"href":"https:\/\/www.schroedergroup.eu\/de\/wp-json\/wp\/v2\/users\/2"}],"replies":[{"embeddable":true,"href":"https:\/\/www.schroedergroup.eu\/de\/wp-json\/wp\/v2\/comments?post=10308"}],"version-history":[{"count":5,"href":"https:\/\/www.schroedergroup.eu\/de\/wp-json\/wp\/v2\/pages\/10308\/revisions"}],"predecessor-version":[{"id":10458,"href":"https:\/\/www.schroedergroup.eu\/de\/wp-json\/wp\/v2\/pages\/10308\/revisions\/10458"}],"wp:attachment":[{"href":"https:\/\/www.schroedergroup.eu\/de\/wp-json\/wp\/v2\/media?parent=10308"}],"curies":[{"name":"wp","href":"https:\/\/api.w.org\/{rel}","templated":true}]}}